{"id":10,"date":"2020-02-14T19:06:40","date_gmt":"2020-02-14T18:06:40","guid":{"rendered":"http:\/\/brfdiariet6.se\/?page_id=10"},"modified":"2025-07-21T10:34:23","modified_gmt":"2025-07-21T09:34:23","slug":"styrelsen","status":"publish","type":"page","link":"https:\/\/brfdiariet6.se\/?page_id=10","title":{"rendered":"Styrelsen"},"content":{"rendered":"\n<p>Styrelsen best\u00e5r av:<\/p>\n\n\n\n<p>Ordf\u00f6rande: Sebastian J\u00e4rpehag<br>Kass\u00f6r:\u00a0 Oskar Gustavsson<br>Sekreterare:\u00a0 Angelica Bj\u00f6rkl\u00f6f<br>Ledamot:\u00a0\u00a0Helga Ronnysdotter<br>Ledamot: Sofia Lindbergsson<br><meta charset=\"utf-8\">Suppleant: Anna Hermansson<br><meta charset=\"utf-8\">Suppleant: John Svensson<br>Suppleant: Jakob St\u00e4ck<\/p>\n\n\n\n<p>Kontakta styrelsen p\u00e5 : <a href=\"https:\/\/service.binero.se\/160672\/Email\/afa072e0-a4b1-4d04-b421-ac269117a13e\/Account\/0749bfdd-f7ee-4bda-9730-1b2befa20da6\/Edit\">styrelsen@brfdiariet6.se<\/a><\/p>\n\n\n\n<h2 class=\"has-normal-font-size\"><strong>Ekonomisk f\u00f6rvaltning<\/strong><\/h2>\n\n\n\n<p>Ekonomisk f\u00f6rvaltning sk\u00f6ts sedan September 2018 av Storholmen AB.<br>Kontakta Storholmen f\u00f6r <strong>aktuell m\u00e4klarbild<\/strong> etc.<\/p>\n\n\n\n<p><a href=\"https:\/\/www.storholmendirekt.se\">www.storholmendirekt.se\/<\/a><\/p>\n\n\n\n<p><strong>Telefon<\/strong><br>+46-8-520 252 00<\/p>\n\n\n\n<p><strong>E-post<\/strong><br>info@storholmen.se<\/p>\n\n\n\n<p><strong>Postadress<\/strong><br>Brf Diariet 6<br>C\/O Storholmen&nbsp; F\u00f6rvaltning AB<br>Pastellv\u00e4gen 6 121 36 Johanneshov<\/p>\n","protected":false},"excerpt":{"rendered":"<p>Styrelsen best\u00e5r av: Ordf\u00f6rande: Sebastian J\u00e4rpehagKass\u00f6r:\u00a0 Oskar GustavssonSekreterare:\u00a0 Angelica Bj\u00f6rkl\u00f6fLedamot:\u00a0\u00a0Helga RonnysdotterLedamot: Sofia LindbergssonSuppleant: Anna HermanssonSuppleant: John SvenssonSuppleant: Jakob St\u00e4ck Kontakta styrelsen p\u00e5 : styrelsen@brfdiariet6.se Ekonomisk f\u00f6rvaltning Ekonomisk f\u00f6rvaltning sk\u00f6ts sedan September 2018 av Storholmen AB.Kontakta Storholmen f\u00f6r aktuell m\u00e4klarbild etc. www.storholmendirekt.se\/ Telefon+46-8-520 252 00 E-postinfo@storholmen.se PostadressBrf Diariet 6C\/O Storholmen&nbsp; F\u00f6rvaltning ABPastellv\u00e4gen 6 121 36 Johanneshov<\/p>\n","protected":false},"author":1,"featured_media":0,"parent":0,"menu_order":0,"comment_status":"closed","ping_status":"closed","template":"","meta":[],"_links":{"self":[{"href":"https:\/\/brfdiariet6.se\/index.php?rest_route=\/wp\/v2\/pages\/10"}],"collection":[{"href":"https:\/\/brfdiariet6.se\/index.php?rest_route=\/wp\/v2\/pages"}],"about":[{"href":"https:\/\/brfdiariet6.se\/index.php?rest_route=\/wp\/v2\/types\/page"}],"author":[{"embeddable":true,"href":"https:\/\/brfdiariet6.se\/index.php?rest_route=\/wp\/v2\/users\/1"}],"replies":[{"embeddable":true,"href":"https:\/\/brfdiariet6.se\/index.php?rest_route=%2Fwp%2Fv2%2Fcomments&post=10"}],"version-history":[{"count":52,"href":"https:\/\/brfdiariet6.se\/index.php?rest_route=\/wp\/v2\/pages\/10\/revisions"}],"predecessor-version":[{"id":549,"href":"https:\/\/brfdiariet6.se\/index.php?rest_route=\/wp\/v2\/pages\/10\/revisions\/549"}],"wp:attachment":[{"href":"https:\/\/brfdiariet6.se\/index.php?rest_route=%2Fwp%2Fv2%2Fmedia&parent=10"}],"curies":[{"name":"wp","href":"https:\/\/api.w.org\/{rel}","templated":true}]}}