{"id":113,"date":"2013-05-28T19:21:33","date_gmt":"2013-05-28T19:21:33","guid":{"rendered":"http:\/\/brfdiariet6.se\/?page_id=113"},"modified":"2021-06-09T08:57:36","modified_gmt":"2021-06-09T07:57:36","slug":"bilder","status":"publish","type":"page","link":"https:\/\/brfdiariet6.se\/?page_id=113","title":{"rendered":"Bilder"},"content":{"rendered":"<p>H\u00e4r hittar ni ett axplock av bilder fr\u00e5n Brf Diariet 6. Tryck p\u00e5 en bild f\u00f6r att se den st\u00f6rre och f\u00f6r att bl\u00e4ddra igenom bilderna i ett galleri.<\/p>\n<p>Bilderna tillh\u00f6r Brf Diariet 6 och f\u00e5r ej kopieras eller\u00a0distribueras\u00a0vidare. V\u00e4nligen respektera detta.<\/p>\n<div id='gallery-1' class='gallery galleryid-113 gallery-columns-3 gallery-size-thumbnail'><figure class='gallery-item'>\n\t\t\t<div class='gallery-icon landscape'>\n\t\t\t\t<a href='https:\/\/brfdiariet6.se\/?attachment_id=161'><img width=\"150\" height=\"150\" src=\"https:\/\/brfdiariet6.se\/wp-content\/uploads\/2013\/05\/IMG_2469-150x150.jpg\" class=\"attachment-thumbnail size-thumbnail\" alt=\"\" loading=\"lazy\" aria-describedby=\"gallery-1-161\" sizes=\"100vw\" \/><\/a>\n\t\t\t<\/div>\n\t\t\t\t<figcaption class='wp-caption-text gallery-caption' id='gallery-1-161'>\n\t\t\t\tFasad mot Registerv\u00e4gen\n\t\t\t\t<\/figcaption><\/figure><figure class='gallery-item'>\n\t\t\t<div class='gallery-icon landscape'>\n\t\t\t\t<a href='https:\/\/brfdiariet6.se\/?attachment_id=162'><img width=\"150\" height=\"150\" src=\"https:\/\/brfdiariet6.se\/wp-content\/uploads\/2013\/05\/IMG_2470-150x150.jpg\" class=\"attachment-thumbnail size-thumbnail\" alt=\"\" loading=\"lazy\" aria-describedby=\"gallery-1-162\" sizes=\"100vw\" \/><\/a>\n\t\t\t<\/div>\n\t\t\t\t<figcaption class='wp-caption-text gallery-caption' id='gallery-1-162'>\n\t\t\t\tFasad mot Registerv\u00e4gen\n\t\t\t\t<\/figcaption><\/figure><figure class='gallery-item'>\n\t\t\t<div class='gallery-icon landscape'>\n\t\t\t\t<a href='https:\/\/brfdiariet6.se\/?attachment_id=197'><img width=\"150\" height=\"150\" src=\"https:\/\/brfdiariet6.se\/wp-content\/uploads\/2013\/05\/IMG_2431-150x150.jpg\" class=\"attachment-thumbnail size-thumbnail\" alt=\"\" loading=\"lazy\" aria-describedby=\"gallery-1-197\" sizes=\"100vw\" \/><\/a>\n\t\t\t<\/div>\n\t\t\t\t<figcaption class='wp-caption-text gallery-caption' id='gallery-1-197'>\n\t\t\t\tHusets fasad mot Drottningholmsv\u00e4gen\n\t\t\t\t<\/figcaption><\/figure><figure class='gallery-item'>\n\t\t\t<div class='gallery-icon landscape'>\n\t\t\t\t<a href='https:\/\/brfdiariet6.se\/?attachment_id=202'><img width=\"150\" height=\"150\" src=\"https:\/\/brfdiariet6.se\/wp-content\/uploads\/2013\/05\/IMG_2427-150x150.jpg\" class=\"attachment-thumbnail size-thumbnail\" alt=\"\" loading=\"lazy\" aria-describedby=\"gallery-1-202\" sizes=\"100vw\" \/><\/a>\n\t\t\t<\/div>\n\t\t\t\t<figcaption class='wp-caption-text gallery-caption' id='gallery-1-202'>\n\t\t\t\tBrf Diariet 6\n\t\t\t\t<\/figcaption><\/figure><figure class='gallery-item'>\n\t\t\t<div class='gallery-icon portrait'>\n\t\t\t\t<a href='https:\/\/brfdiariet6.se\/?attachment_id=189'><img width=\"150\" height=\"150\" src=\"https:\/\/brfdiariet6.se\/wp-content\/uploads\/2013\/05\/IMG_2438-150x150.jpg\" class=\"attachment-thumbnail size-thumbnail\" alt=\"\" loading=\"lazy\" aria-describedby=\"gallery-1-189\" sizes=\"100vw\" \/><\/a>\n\t\t\t<\/div>\n\t\t\t\t<figcaption class='wp-caption-text gallery-caption' id='gallery-1-189'>\n\t\t\t\tF\u00f6reningens grillplats\n\t\t\t\t<\/figcaption><\/figure><figure class='gallery-item'>\n\t\t\t<div class='gallery-icon landscape'>\n\t\t\t\t<a href='https:\/\/brfdiariet6.se\/?attachment_id=190'><img width=\"150\" height=\"150\" src=\"https:\/\/brfdiariet6.se\/wp-content\/uploads\/2013\/05\/IMG_2439-150x150.jpg\" class=\"attachment-thumbnail size-thumbnail\" alt=\"\" loading=\"lazy\" aria-describedby=\"gallery-1-190\" sizes=\"100vw\" \/><\/a>\n\t\t\t<\/div>\n\t\t\t\t<figcaption class='wp-caption-text gallery-caption' id='gallery-1-190'>\n\t\t\t\tF\u00f6reningens grillplats\n\t\t\t\t<\/figcaption><\/figure><figure class='gallery-item'>\n\t\t\t<div class='gallery-icon landscape'>\n\t\t\t\t<a href='https:\/\/brfdiariet6.se\/?attachment_id=200'><img width=\"150\" height=\"150\" src=\"https:\/\/brfdiariet6.se\/wp-content\/uploads\/2013\/05\/IMG_2429-150x150.jpg\" class=\"attachment-thumbnail size-thumbnail\" alt=\"\" loading=\"lazy\" aria-describedby=\"gallery-1-200\" sizes=\"100vw\" \/><\/a>\n\t\t\t<\/div>\n\t\t\t\t<figcaption class='wp-caption-text gallery-caption' id='gallery-1-200'>\n\t\t\t\tBrf Diariet 6\n\t\t\t\t<\/figcaption><\/figure><figure class='gallery-item'>\n\t\t\t<div class='gallery-icon portrait'>\n\t\t\t\t<a href='https:\/\/brfdiariet6.se\/?attachment_id=204'><img width=\"150\" height=\"150\" src=\"https:\/\/brfdiariet6.se\/wp-content\/uploads\/2013\/05\/IMG_2422-150x150.jpg\" class=\"attachment-thumbnail size-thumbnail\" alt=\"\" loading=\"lazy\" aria-describedby=\"gallery-1-204\" sizes=\"100vw\" \/><\/a>\n\t\t\t<\/div>\n\t\t\t\t<figcaption class='wp-caption-text gallery-caption' id='gallery-1-204'>\n\t\t\t\tTrappa upp till v\u00e4gen\n\t\t\t\t<\/figcaption><\/figure><figure class='gallery-item'>\n\t\t\t<div class='gallery-icon portrait'>\n\t\t\t\t<a href='https:\/\/brfdiariet6.se\/?attachment_id=191'><img width=\"150\" height=\"150\" src=\"https:\/\/brfdiariet6.se\/wp-content\/uploads\/2013\/05\/IMG_2436-150x150.jpg\" class=\"attachment-thumbnail size-thumbnail\" alt=\"\" loading=\"lazy\" aria-describedby=\"gallery-1-191\" sizes=\"100vw\" \/><\/a>\n\t\t\t<\/div>\n\t\t\t\t<figcaption class='wp-caption-text gallery-caption' id='gallery-1-191'>\n\t\t\t\tSyrenbuskar som str\u00e4cker sig l\u00e4ngst hela huset\n\t\t\t\t<\/figcaption><\/figure><figure class='gallery-item'>\n\t\t\t<div class='gallery-icon landscape'>\n\t\t\t\t<a href='https:\/\/brfdiariet6.se\/?attachment_id=205'><img width=\"150\" height=\"150\" src=\"https:\/\/brfdiariet6.se\/wp-content\/uploads\/2013\/05\/IMG_2423-150x150.jpg\" class=\"attachment-thumbnail size-thumbnail\" alt=\"\" loading=\"lazy\" aria-describedby=\"gallery-1-205\" sizes=\"100vw\" \/><\/a>\n\t\t\t<\/div>\n\t\t\t\t<figcaption class='wp-caption-text gallery-caption' id='gallery-1-205'>\n\t\t\t\tBrf Diariet 6\n\t\t\t\t<\/figcaption><\/figure><figure class='gallery-item'>\n\t\t\t<div class='gallery-icon portrait'>\n\t\t\t\t<a href='https:\/\/brfdiariet6.se\/?attachment_id=195'><img width=\"150\" height=\"150\" src=\"https:\/\/brfdiariet6.se\/wp-content\/uploads\/2013\/05\/IMG_2434-150x150.jpg\" class=\"attachment-thumbnail size-thumbnail\" alt=\"\" loading=\"lazy\" aria-describedby=\"gallery-1-195\" sizes=\"100vw\" \/><\/a>\n\t\t\t<\/div>\n\t\t\t\t<figcaption class='wp-caption-text gallery-caption' id='gallery-1-195'>\n\t\t\t\tBrf Diariet 6\n\t\t\t\t<\/figcaption><\/figure><figure class='gallery-item'>\n\t\t\t<div class='gallery-icon landscape'>\n\t\t\t\t<a href='https:\/\/brfdiariet6.se\/?attachment_id=170'><img width=\"150\" height=\"150\" src=\"https:\/\/brfdiariet6.se\/wp-content\/uploads\/2013\/05\/IMG_2462-150x150.jpg\" class=\"attachment-thumbnail size-thumbnail\" alt=\"\" loading=\"lazy\" aria-describedby=\"gallery-1-170\" sizes=\"100vw\" \/><\/a>\n\t\t\t<\/div>\n\t\t\t\t<figcaption class='wp-caption-text gallery-caption' id='gallery-1-170'>\n\t\t\t\tLummigt och mysigt\n\t\t\t\t<\/figcaption><\/figure><figure class='gallery-item'>\n\t\t\t<div class='gallery-icon landscape'>\n\t\t\t\t<a href='https:\/\/brfdiariet6.se\/?attachment_id=187'><img width=\"150\" height=\"150\" src=\"https:\/\/brfdiariet6.se\/wp-content\/uploads\/2013\/05\/IMG_2440-150x150.jpg\" class=\"attachment-thumbnail size-thumbnail\" alt=\"\" loading=\"lazy\" aria-describedby=\"gallery-1-187\" sizes=\"100vw\" \/><\/a>\n\t\t\t<\/div>\n\t\t\t\t<figcaption class='wp-caption-text gallery-caption' id='gallery-1-187'>\n\t\t\t\tEntr\u00e9\n\t\t\t\t<\/figcaption><\/figure><figure class='gallery-item'>\n\t\t\t<div class='gallery-icon portrait'>\n\t\t\t\t<a href='https:\/\/brfdiariet6.se\/?attachment_id=185'><img width=\"150\" height=\"150\" src=\"https:\/\/brfdiariet6.se\/wp-content\/uploads\/2013\/05\/IMG_2442-150x150.jpg\" class=\"attachment-thumbnail size-thumbnail\" alt=\"\" loading=\"lazy\" aria-describedby=\"gallery-1-185\" sizes=\"100vw\" \/><\/a>\n\t\t\t<\/div>\n\t\t\t\t<figcaption class='wp-caption-text gallery-caption' id='gallery-1-185'>\n\t\t\t\tTrapphus\n\t\t\t\t<\/figcaption><\/figure><figure class='gallery-item'>\n\t\t\t<div class='gallery-icon landscape'>\n\t\t\t\t<a href='https:\/\/brfdiariet6.se\/?attachment_id=178'><img width=\"150\" height=\"150\" src=\"https:\/\/brfdiariet6.se\/wp-content\/uploads\/2013\/05\/IMG_2449-150x150.jpg\" class=\"attachment-thumbnail size-thumbnail\" alt=\"\" loading=\"lazy\" aria-describedby=\"gallery-1-178\" sizes=\"100vw\" \/><\/a>\n\t\t\t<\/div>\n\t\t\t\t<figcaption class='wp-caption-text gallery-caption' id='gallery-1-178'>\n\t\t\t\tTv\u00e4ttstuga\n\t\t\t\t<\/figcaption><\/figure><figure class='gallery-item'>\n\t\t\t<div class='gallery-icon landscape'>\n\t\t\t\t<a href='https:\/\/brfdiariet6.se\/?attachment_id=168'><img width=\"150\" height=\"150\" src=\"https:\/\/brfdiariet6.se\/wp-content\/uploads\/2013\/05\/IMG_2465-150x150.jpg\" class=\"attachment-thumbnail size-thumbnail\" alt=\"\" loading=\"lazy\" aria-describedby=\"gallery-1-168\" sizes=\"100vw\" \/><\/a>\n\t\t\t<\/div>\n\t\t\t\t<figcaption class='wp-caption-text gallery-caption' id='gallery-1-168'>\n\t\t\t\tBrf Diariet 6\n\t\t\t\t<\/figcaption><\/figure><figure class='gallery-item'>\n\t\t\t<div class='gallery-icon landscape'>\n\t\t\t\t<a href='https:\/\/brfdiariet6.se\/?attachment_id=164'><img width=\"150\" height=\"150\" src=\"https:\/\/brfdiariet6.se\/wp-content\/uploads\/2013\/05\/IMG_2467-150x150.jpg\" class=\"attachment-thumbnail size-thumbnail\" alt=\"\" loading=\"lazy\" aria-describedby=\"gallery-1-164\" sizes=\"100vw\" \/><\/a>\n\t\t\t<\/div>\n\t\t\t\t<figcaption class='wp-caption-text gallery-caption' id='gallery-1-164'>\n\t\t\t\tSyrenerna\n\t\t\t\t<\/figcaption><\/figure><figure class='gallery-item'>\n\t\t\t<div class='gallery-icon landscape'>\n\t\t\t\t<a href='https:\/\/brfdiariet6.se\/?attachment_id=193'><img width=\"150\" height=\"150\" src=\"https:\/\/brfdiariet6.se\/wp-content\/uploads\/2013\/05\/IMG_2435-150x150.jpg\" class=\"attachment-thumbnail size-thumbnail\" alt=\"\" loading=\"lazy\" aria-describedby=\"gallery-1-193\" sizes=\"100vw\" \/><\/a>\n\t\t\t<\/div>\n\t\t\t\t<figcaption class='wp-caption-text gallery-caption' id='gallery-1-193'>\n\t\t\t\tBrf Diariet 6\n\t\t\t\t<\/figcaption><\/figure>\n\t\t<\/div>\n\n\n\n<p><\/p>\n","protected":false},"excerpt":{"rendered":"<p>H\u00e4r hittar ni ett axplock av bilder fr\u00e5n Brf Diariet 6. Tryck p\u00e5 en bild f\u00f6r att se den st\u00f6rre och f\u00f6r att bl\u00e4ddra igenom bilderna i ett galleri. Bilderna tillh\u00f6r Brf Diariet 6 och f\u00e5r ej kopieras eller\u00a0distribueras\u00a0vidare. V\u00e4nligen respektera detta.<\/p>\n","protected":false},"author":1,"featured_media":0,"parent":0,"menu_order":0,"comment_status":"closed","ping_status":"open","template":"","meta":[],"_links":{"self":[{"href":"https:\/\/brfdiariet6.se\/index.php?rest_route=\/wp\/v2\/pages\/113"}],"collection":[{"href":"https:\/\/brfdiariet6.se\/index.php?rest_route=\/wp\/v2\/pages"}],"about":[{"href":"https:\/\/brfdiariet6.se\/index.php?rest_route=\/wp\/v2\/types\/page"}],"author":[{"embeddable":true,"href":"https:\/\/brfdiariet6.se\/index.php?rest_route=\/wp\/v2\/users\/1"}],"replies":[{"embeddable":true,"href":"https:\/\/brfdiariet6.se\/index.php?rest_route=%2Fwp%2Fv2%2Fcomments&post=113"}],"version-history":[{"count":11,"href":"https:\/\/brfdiariet6.se\/index.php?rest_route=\/wp\/v2\/pages\/113\/revisions"}],"predecessor-version":[{"id":466,"href":"https:\/\/brfdiariet6.se\/index.php?rest_route=\/wp\/v2\/pages\/113\/revisions\/466"}],"wp:attachment":[{"href":"https:\/\/brfdiariet6.se\/index.php?rest_route=%2Fwp%2Fv2%2Fmedia&parent=113"}],"curies":[{"name":"wp","href":"https:\/\/api.w.org\/{rel}","templated":true}]}}