{"id":382,"date":"2021-06-08T20:26:32","date_gmt":"2021-06-08T19:26:32","guid":{"rendered":"https:\/\/brfdiariet6.se\/?page_id=382"},"modified":"2021-06-09T08:49:50","modified_gmt":"2021-06-09T07:49:50","slug":"lokaler","status":"publish","type":"page","link":"https:\/\/brfdiariet6.se\/?page_id=382","title":{"rendered":"Lokaler"},"content":{"rendered":"\n<h2 class=\"has-normal-font-size\"><strong>F\u00f6rr\u00e5d<\/strong><\/h2>\n\n\n\n<p>Till varje l\u00e4genhet h\u00f6r ett vindsf\u00f6rr\u00e5d och en matk\u00e4llare uppm\u00e4rkt med l\u00e4genhetens nummer. Det \u00e4r inte m\u00f6jligt att byta f\u00f6rr\u00e5d. <\/p>\n\n\n\n<p>Vissa av matk\u00e4llarf\u00f6rr\u00e5den inneh\u00e5ller ventiler f\u00f6r varm- och kallvatten och vissa av vindsf\u00f6rr\u00e5den sotningsluckor. Dessa m\u00e5ste kunna n\u00e5s med kort varsel, och f\u00e5r d\u00e4rav inte blockeras.<\/p>\n\n\n\n<h2 class=\"has-normal-font-size\"><strong>Cykelrum<\/strong><\/h2>\n\n\n\n<p>Cykelrummet \u00e4r bel\u00e4get vid port 32. T\u00e4nk p\u00e5 att ej blockera tr\u00e4dg\u00e5rdsf\u00f6rr\u00e5den som ocks\u00e5 finns d\u00e4r. I cykelf\u00f6rr\u00e5det \u00e4r det endast till\u00e5tet att f\u00f6rvara cyklar, mopeder, barnvagnar och andra transportvagnar, samt k\u00e4lkar. Dessa \u00e4r ocks\u00e5 till\u00e5tna att st\u00e4llas utomhus, s\u00e5 l\u00e4nge de inte blockerar entr\u00e9erna.<\/p>\n\n\n\n<h2 class=\"has-normal-font-size\"><strong>Tv\u00e4ttstuga<\/strong><\/h2>\n\n\n\n<p>F\u00f6reningen har en tv\u00e4ttstuga i utrymmet mellan trappuppg\u00e5ng 34 och 32 som medlemmar kan boka. Tv\u00e4ttstugan har tv\u00e5 tv\u00e4ttmaskiner, en torktumlare samt ett torksk\u00e5p<\/p>\n\n\n\n<ul><li>Varje l\u00e4genhet har en bokningscylinder med l\u00e4genhetsnummer, och kan boka ett pass p\u00e5 tavlan utanf\u00f6r tv\u00e4ttstugan. <\/li><li>Om tv\u00e4ttiden ej tagits i anspr\u00e5k efter 30 minuter anses den f\u00f6rverkad och det g\u00e5r bra f\u00f6r andra att \u00f6verta den. <\/li><li>Efter tv\u00e4ttiden \u00e4r det till\u00e5tet att torka och torktumla tv\u00e4tt i ytterligare 30 minuter. <\/li><li>Tv\u00e4ttiderna \u00e4r 07.00 till 22.00 samtliga dagar uppdelad p\u00e5 fyra tv\u00e4ttpass. Tv\u00e4ttning utanf\u00f6r de bokningsbara passen \u00e4r ej till\u00e5ten. <\/li><li>Den som tv\u00e4ttar ansvarar f\u00f6r att tv\u00e4ttstugan l\u00e4mnas st\u00e4dad och med filtren i torktumlare och torksk\u00e5p rengjorda.<\/li><\/ul>\n\n\n\n<figure class=\"wp-block-image size-large\"><a href=\"https:\/\/brfdiariet6.se\/wp-content\/uploads\/2013\/05\/IMG_2446.jpg\"><img loading=\"lazy\" width=\"853\" height=\"852\" src=\"https:\/\/brfdiariet6.se\/wp-content\/uploads\/2021\/06\/IMG_2446-edited.jpg\" alt=\"\" class=\"wp-image-385\" srcset=\"https:\/\/brfdiariet6.se\/wp-content\/uploads\/2021\/06\/IMG_2446-edited.jpg 853w, https:\/\/brfdiariet6.se\/wp-content\/uploads\/2021\/06\/IMG_2446-edited-300x300.jpg 300w, https:\/\/brfdiariet6.se\/wp-content\/uploads\/2021\/06\/IMG_2446-edited-150x150.jpg 150w, https:\/\/brfdiariet6.se\/wp-content\/uploads\/2021\/06\/IMG_2446-edited-768x767.jpg 768w\" sizes=\"(max-width: 767px) 89vw, (max-width: 1000px) 54vw, (max-width: 1071px) 543px, 580px\" \/><\/a><\/figure>\n","protected":false},"excerpt":{"rendered":"<p>F\u00f6rr\u00e5d Till varje l\u00e4genhet h\u00f6r ett vindsf\u00f6rr\u00e5d och en matk\u00e4llare uppm\u00e4rkt med l\u00e4genhetens nummer. Det \u00e4r inte m\u00f6jligt att byta f\u00f6rr\u00e5d. Vissa av matk\u00e4llarf\u00f6rr\u00e5den inneh\u00e5ller ventiler f\u00f6r varm- och kallvatten och vissa av vindsf\u00f6rr\u00e5den sotningsluckor. Dessa m\u00e5ste kunna n\u00e5s med kort varsel, och f\u00e5r d\u00e4rav inte blockeras. Cykelrum Cykelrummet \u00e4r bel\u00e4get vid port 32. T\u00e4nk &hellip; <\/p>\n<p class=\"link-more\"><a href=\"https:\/\/brfdiariet6.se\/?page_id=382\" class=\"more-link\">Forts\u00e4tt l\u00e4sa<span class=\"screen-reader-text\"> \u201dLokaler\u201d<\/span><\/a><\/p>\n","protected":false},"author":1,"featured_media":0,"parent":409,"menu_order":1,"comment_status":"closed","ping_status":"closed","template":"","meta":[],"_links":{"self":[{"href":"https:\/\/brfdiariet6.se\/index.php?rest_route=\/wp\/v2\/pages\/382"}],"collection":[{"href":"https:\/\/brfdiariet6.se\/index.php?rest_route=\/wp\/v2\/pages"}],"about":[{"href":"https:\/\/brfdiariet6.se\/index.php?rest_route=\/wp\/v2\/types\/page"}],"author":[{"embeddable":true,"href":"https:\/\/brfdiariet6.se\/index.php?rest_route=\/wp\/v2\/users\/1"}],"replies":[{"embeddable":true,"href":"https:\/\/brfdiariet6.se\/index.php?rest_route=%2Fwp%2Fv2%2Fcomments&post=382"}],"version-history":[{"count":3,"href":"https:\/\/brfdiariet6.se\/index.php?rest_route=\/wp\/v2\/pages\/382\/revisions"}],"predecessor-version":[{"id":428,"href":"https:\/\/brfdiariet6.se\/index.php?rest_route=\/wp\/v2\/pages\/382\/revisions\/428"}],"up":[{"embeddable":true,"href":"https:\/\/brfdiariet6.se\/index.php?rest_route=\/wp\/v2\/pages\/409"}],"wp:attachment":[{"href":"https:\/\/brfdiariet6.se\/index.php?rest_route=%2Fwp%2Fv2%2Fmedia&parent=382"}],"curies":[{"name":"wp","href":"https:\/\/api.w.org\/{rel}","templated":true}]}}