{"id":390,"date":"2021-06-08T20:27:40","date_gmt":"2021-06-08T19:27:40","guid":{"rendered":"https:\/\/brfdiariet6.se\/?page_id=390"},"modified":"2021-06-09T08:50:31","modified_gmt":"2021-06-09T07:50:31","slug":"renoveringar","status":"publish","type":"page","link":"https:\/\/brfdiariet6.se\/?page_id=390","title":{"rendered":"Renoveringar"},"content":{"rendered":"\n<h2 class=\"has-normal-font-size\"><strong>Bygglov<\/strong><\/h2>\n\n\n\n<p>F\u00f6ljande typer av renoveringar m\u00e5ste f\u00e5 bygglov fr\u00e5n styrelsen:<\/p>\n\n\n\n<ol><li>Ingrepp i en b\u00e4rande konstruktion,<\/li><li>\u00c4ndring av befintliga ledningar f\u00f6r avlopp, v\u00e4rme, gas eller vatten.<\/li><li>Annan v\u00e4sentlig f\u00f6r\u00e4ndring av l\u00e4genheten. <\/li><\/ol>\n\n\n\n<p>Skicka ett <a href=\"mailto:styrelsen@brfdiariet6.se\">mail till styrelsen<\/a> med en beskrivning av arbetet som ska utf\u00f6ras, och eventuella bilagor. Kom ih\u00e5g att informera dina grannar om renoveringen kan vara st\u00f6rande.<\/p>\n\n\n\n<h2 class=\"has-normal-font-size\"><strong>Balkonger<\/strong><\/h2>\n\n\n\n<p>Det \u00e4r inte till\u00e5tet att installera utomhusbelysning om den inte \u00e4r batteridriven. \u00c5verkan p\u00e5 fasaden genom att skruva eller borra i den \u00e4r inte till\u00e5ten. <\/p>\n\n\n\n<p>Blomsterl\u00e5dor p\u00e5 utsidan av balkongr\u00e4ckena \u00e4r inte till\u00e5tna eftersom de befinner sig rakt \u00f6ver entr\u00e9er eller g\u00e5ngv\u00e4gar. <\/p>\n\n\n\n<p>Inglasning eller annan int\u00e4ckning av balkongerna, exempelvis med n\u00e4t, \u00e4r inte till\u00e5ten. Det \u00e4r heller inte till\u00e5tet med parabolantenn. <\/p>\n\n\n\n<p>Markiser \u00e4r till\u00e5tna eftersom de varit en del av fastighetens utseende sedan den uppf\u00f6rdes och ursprungligen fanns p\u00e5 samtliga balkonger. Parasoll och flaggor \u00e4r till\u00e5tna.<\/p>\n\n\n\n<h2 class=\"has-normal-font-size\"><strong>Golv<\/strong><\/h2>\n\n\n\n<p>Marmorgolven i l\u00e4genheternas tamburer f\u00e5r ej ers\u00e4ttas, p\u00e5 grund av fastighetens kulturklassning. Parkettgolven i vardagsrummen skall bevaras eller ers\u00e4ttas med golv av minst likv\u00e4rdig kvalitet. I b\u00e5da fallen har golven ett kulturhistoriskt v\u00e4rde f\u00f6r fastigheten.<\/p>\n\n\n\n<h2 class=\"has-normal-font-size\"><strong>K\u00f6k<\/strong><\/h2>\n\n\n\n<p>Endast kolfilterfl\u00e4kt \u00e4r till\u00e5ten och ventilationsluckan m\u00e5ste kunna n\u00e5s av skorstensfejare och f\u00e5r ej byggas f\u00f6r. Diskmaskin och gasledning m\u00e5ste anslutas av fackman.<\/p>\n\n\n\n<h2 class=\"has-normal-font-size\"><strong>Radiatorer<\/strong><\/h2>\n\n\n\n<p>Fastighetens radiatorer och de handdukstorkar som finns i vissa l\u00e4genheter \u00e4r injusterade f\u00f6r att f\u00e5 b\u00e4sta och mest ekonomiska v\u00e4rmekomfort. Det \u00e4r d\u00e4rf\u00f6r viktigt att vid problem kontakta styrelsen, annars kan \u00e4ven \u00f6vriga huset p\u00e5verkas.<\/p>\n\n\n\n<h2 class=\"has-normal-font-size\"><strong>Ventilation<\/strong><\/h2>\n\n\n\n<p>Fastigheten \u00e4r sj\u00e4lvventilerande, vilket har flera implikationer. Se g\u00e4rna <a href=\"https:\/\/brfdiariet6.se\/?page_id=438\">sidan f\u00f6r ventilation<\/a> f\u00f6r mer information.<\/p>\n","protected":false},"excerpt":{"rendered":"<p>Bygglov F\u00f6ljande typer av renoveringar m\u00e5ste f\u00e5 bygglov fr\u00e5n styrelsen: Ingrepp i en b\u00e4rande konstruktion, \u00c4ndring av befintliga ledningar f\u00f6r avlopp, v\u00e4rme, gas eller vatten. Annan v\u00e4sentlig f\u00f6r\u00e4ndring av l\u00e4genheten. Skicka ett mail till styrelsen med en beskrivning av arbetet som ska utf\u00f6ras, och eventuella bilagor. Kom ih\u00e5g att informera dina grannar om renoveringen kan &hellip; <\/p>\n<p class=\"link-more\"><a href=\"https:\/\/brfdiariet6.se\/?page_id=390\" class=\"more-link\">Forts\u00e4tt l\u00e4sa<span class=\"screen-reader-text\"> \u201dRenoveringar\u201d<\/span><\/a><\/p>\n","protected":false},"author":1,"featured_media":0,"parent":409,"menu_order":5,"comment_status":"closed","ping_status":"closed","template":"","meta":[],"_links":{"self":[{"href":"https:\/\/brfdiariet6.se\/index.php?rest_route=\/wp\/v2\/pages\/390"}],"collection":[{"href":"https:\/\/brfdiariet6.se\/index.php?rest_route=\/wp\/v2\/pages"}],"about":[{"href":"https:\/\/brfdiariet6.se\/index.php?rest_route=\/wp\/v2\/types\/page"}],"author":[{"embeddable":true,"href":"https:\/\/brfdiariet6.se\/index.php?rest_route=\/wp\/v2\/users\/1"}],"replies":[{"embeddable":true,"href":"https:\/\/brfdiariet6.se\/index.php?rest_route=%2Fwp%2Fv2%2Fcomments&post=390"}],"version-history":[{"count":5,"href":"https:\/\/brfdiariet6.se\/index.php?rest_route=\/wp\/v2\/pages\/390\/revisions"}],"predecessor-version":[{"id":454,"href":"https:\/\/brfdiariet6.se\/index.php?rest_route=\/wp\/v2\/pages\/390\/revisions\/454"}],"up":[{"embeddable":true,"href":"https:\/\/brfdiariet6.se\/index.php?rest_route=\/wp\/v2\/pages\/409"}],"wp:attachment":[{"href":"https:\/\/brfdiariet6.se\/index.php?rest_route=%2Fwp%2Fv2%2Fmedia&parent=390"}],"curies":[{"name":"wp","href":"https:\/\/api.w.org\/{rel}","templated":true}]}}