{"id":396,"date":"2021-06-08T20:28:13","date_gmt":"2021-06-08T19:28:13","guid":{"rendered":"https:\/\/brfdiariet6.se\/?page_id=396"},"modified":"2021-06-09T08:50:56","modified_gmt":"2021-06-09T07:50:56","slug":"brandsakerhet","status":"publish","type":"page","link":"https:\/\/brfdiariet6.se\/?page_id=396","title":{"rendered":"Brands\u00e4kerhet"},"content":{"rendered":"\n<p>Alla l\u00e4genheter har f\u00e5tt sig tilldelade en brandvarnare. Batteriet skall provas regelbundet, minst en g\u00e5ng per \u00e5r.<\/p>\n\n\n\n<p>Det finns r\u00f6kluckor i alla trapphus och brands\u00e4kerhetsd\u00f6rrar till k\u00e4llarg\u00e5ngarna. Samtliga l\u00e4genheter \u00e4r utrustade med moderna s\u00e4kerhetsd\u00f6rrar.<\/p>\n\n\n\n<h2 class=\"has-normal-font-size\"><strong>Balkonger<\/strong><\/h2>\n\n\n\n<p>Infrav\u00e4rme \u00e4r till\u00e5ten, men skall placeras p\u00e5 s\u00e4kert avst\u00e5nd fr\u00e5n br\u00e4nnbart material. Grillning p\u00e5 balkongen \u00e4r inte till\u00e5ten av brands\u00e4kerhetssk\u00e4l, men det g\u00e5r bra att grilla p\u00e5 f\u00f6reningens uteplats.<\/p>\n\n\n\n<h2 class=\"has-normal-font-size\"><strong>Eldst\u00e4der<\/strong><\/h2>\n\n\n\n<p>Vissa av fastighetens l\u00e4genheter har eldst\u00e4der. R\u00f6kg\u00e5ngarna \u00e4r ommurade och kontrollerade 2014 och till\u00e5tna f\u00f6r eldning. Iakttag dock alltid f\u00f6rsiktighet och l\u00e4mna aldrig \u00f6ppen eld obevakad.<\/p>\n\n\n\n<h2 class=\"has-normal-font-size\"><strong>Offentliga utrymmen<\/strong><\/h2>\n\n\n\n<p>Det r\u00e5der ett totalf\u00f6rbud att st\u00e4lla l\u00f6sa f\u00f6rem\u00e5l i trapphuset, eller andra offentliga utrymmen s\u00e5som korridorerna mellan trapphusen. Barnvagnar f\u00e5r exempelvis inte st\u00e5 ute i trapphuset. Detta beror p\u00e5 att utrymningsv\u00e4gar m\u00e5ste h\u00e5llas fria vid eventuella utrymningar. Styrelsen har en skyldighet att h\u00e5lla dessa utrymningsv\u00e4gar fria enligt brandskyddslagen.<\/p>\n\n\n\n<p>Det \u00e4r inte till\u00e5tet att f\u00f6rvara brandfarligt material i matk\u00e4llare eller i vindsf\u00f6rr\u00e5d<br>eller att r\u00f6ka i de gemensamma utrymmena.<\/p>\n","protected":false},"excerpt":{"rendered":"<p>Alla l\u00e4genheter har f\u00e5tt sig tilldelade en brandvarnare. Batteriet skall provas regelbundet, minst en g\u00e5ng per \u00e5r. Det finns r\u00f6kluckor i alla trapphus och brands\u00e4kerhetsd\u00f6rrar till k\u00e4llarg\u00e5ngarna. Samtliga l\u00e4genheter \u00e4r utrustade med moderna s\u00e4kerhetsd\u00f6rrar. Balkonger Infrav\u00e4rme \u00e4r till\u00e5ten, men skall placeras p\u00e5 s\u00e4kert avst\u00e5nd fr\u00e5n br\u00e4nnbart material. Grillning p\u00e5 balkongen \u00e4r inte till\u00e5ten av brands\u00e4kerhetssk\u00e4l, &hellip; <\/p>\n<p class=\"link-more\"><a href=\"https:\/\/brfdiariet6.se\/?page_id=396\" class=\"more-link\">Forts\u00e4tt l\u00e4sa<span class=\"screen-reader-text\"> \u201dBrands\u00e4kerhet\u201d<\/span><\/a><\/p>\n","protected":false},"author":1,"featured_media":0,"parent":409,"menu_order":7,"comment_status":"closed","ping_status":"closed","template":"","meta":[],"_links":{"self":[{"href":"https:\/\/brfdiariet6.se\/index.php?rest_route=\/wp\/v2\/pages\/396"}],"collection":[{"href":"https:\/\/brfdiariet6.se\/index.php?rest_route=\/wp\/v2\/pages"}],"about":[{"href":"https:\/\/brfdiariet6.se\/index.php?rest_route=\/wp\/v2\/types\/page"}],"author":[{"embeddable":true,"href":"https:\/\/brfdiariet6.se\/index.php?rest_route=\/wp\/v2\/users\/1"}],"replies":[{"embeddable":true,"href":"https:\/\/brfdiariet6.se\/index.php?rest_route=%2Fwp%2Fv2%2Fcomments&post=396"}],"version-history":[{"count":2,"href":"https:\/\/brfdiariet6.se\/index.php?rest_route=\/wp\/v2\/pages\/396\/revisions"}],"predecessor-version":[{"id":429,"href":"https:\/\/brfdiariet6.se\/index.php?rest_route=\/wp\/v2\/pages\/396\/revisions\/429"}],"up":[{"embeddable":true,"href":"https:\/\/brfdiariet6.se\/index.php?rest_route=\/wp\/v2\/pages\/409"}],"wp:attachment":[{"href":"https:\/\/brfdiariet6.se\/index.php?rest_route=%2Fwp%2Fv2%2Fmedia&parent=396"}],"curies":[{"name":"wp","href":"https:\/\/api.w.org\/{rel}","templated":true}]}}