{"id":438,"date":"2021-06-08T21:13:53","date_gmt":"2021-06-08T20:13:53","guid":{"rendered":"https:\/\/brfdiariet6.se\/?page_id=438"},"modified":"2021-06-09T08:50:40","modified_gmt":"2021-06-09T07:50:40","slug":"ventilation","status":"publish","type":"page","link":"https:\/\/brfdiariet6.se\/?page_id=438","title":{"rendered":"Ventilation"},"content":{"rendered":"\n<p>Huset byggdes under 1940-talet och anv\u00e4nder sig utav ett sj\u00e4lvdragsystem. Det betyder att det inte finns n\u00e5gon motor eller fl\u00e4kt i huset utan ventilationen sker naturligt genom termik, allts\u00e5 att v\u00e4rme stiger.&nbsp;&nbsp;Bilden nedan illustrerar hur det fungerar.<\/p>\n\n\n\n<div class=\"wp-block-image\"><figure class=\"aligncenter size-large is-resized\"><a href=\"https:\/\/brfdiariet6.se\/wp-content\/uploads\/2021\/06\/Sjalvdragsventilation.jpeg\"><img loading=\"lazy\" src=\"https:\/\/brfdiariet6.se\/wp-content\/uploads\/2021\/06\/Sjalvdragsventilation.jpeg\" alt=\"\" class=\"wp-image-439\" width=\"240\" height=\"309\" srcset=\"https:\/\/brfdiariet6.se\/wp-content\/uploads\/2021\/06\/Sjalvdragsventilation.jpeg 776w, https:\/\/brfdiariet6.se\/wp-content\/uploads\/2021\/06\/Sjalvdragsventilation-233x300.jpeg 233w, https:\/\/brfdiariet6.se\/wp-content\/uploads\/2021\/06\/Sjalvdragsventilation-768x990.jpeg 768w\" sizes=\"(max-width: 240px) 100vw, 240px\" \/><\/a><\/figure><\/div>\n\n\n\n<p>F\u00f6r att luften skall ventileras och ledas ut genom murstockarna kr\u00e4vs tilluft utifr\u00e5n. Denna tilluft kommer fr\u00e5n en tallriksventil i badrummet och de sm\u00e5 ventilerna under era f\u00f6nster. Dessa ventiler\u00a0f\u00e5r ni inte\u00a0ha st\u00e4ngda. Om ingen frisk luft kommer in, s\u00e5 har ni ingen ventilation och luften st\u00e5r stilla. Luft som st\u00e5r stilla kan resultera i fuktutveckling i k\u00f6k och badrum, matos som s\u00e4tter sig p\u00e5 v\u00e4ggar och kl\u00e4der, samt att det p\u00e5verkar oss i form av allergier och huvudv\u00e4rk. Det \u00e4r d\u00e4rf\u00f6r v\u00e4ldigt viktigt att alla \u00f6ppnar dessa ventiler f\u00f6r att \u00f6ka tilluften. Om en l\u00e4genhet har st\u00e4ngda ventiler p\u00e5verkar det \u00f6vriga l\u00e4genheter i samma trappuppg\u00e5ng.\u00a0<\/p>\n\n\n\n<p>Med Drottningsholmsv\u00e4gen utanf\u00f6r ena sidan av huset \u00e4r det d\u00e4rav rekommenderat att l\u00e4gga in ett filter i tilluftsventilerna.<\/p>\n","protected":false},"excerpt":{"rendered":"<p>Huset byggdes under 1940-talet och anv\u00e4nder sig utav ett sj\u00e4lvdragsystem. Det betyder att det inte finns n\u00e5gon motor eller fl\u00e4kt i huset utan ventilationen sker naturligt genom termik, allts\u00e5 att v\u00e4rme stiger.&nbsp;&nbsp;Bilden nedan illustrerar hur det fungerar. F\u00f6r att luften skall ventileras och ledas ut genom murstockarna kr\u00e4vs tilluft utifr\u00e5n. Denna tilluft kommer fr\u00e5n en &hellip; <\/p>\n<p class=\"link-more\"><a href=\"https:\/\/brfdiariet6.se\/?page_id=438\" class=\"more-link\">Forts\u00e4tt l\u00e4sa<span class=\"screen-reader-text\"> \u201dVentilation\u201d<\/span><\/a><\/p>\n","protected":false},"author":1,"featured_media":0,"parent":409,"menu_order":6,"comment_status":"closed","ping_status":"closed","template":"","meta":[],"_links":{"self":[{"href":"https:\/\/brfdiariet6.se\/index.php?rest_route=\/wp\/v2\/pages\/438"}],"collection":[{"href":"https:\/\/brfdiariet6.se\/index.php?rest_route=\/wp\/v2\/pages"}],"about":[{"href":"https:\/\/brfdiariet6.se\/index.php?rest_route=\/wp\/v2\/types\/page"}],"author":[{"embeddable":true,"href":"https:\/\/brfdiariet6.se\/index.php?rest_route=\/wp\/v2\/users\/1"}],"replies":[{"embeddable":true,"href":"https:\/\/brfdiariet6.se\/index.php?rest_route=%2Fwp%2Fv2%2Fcomments&post=438"}],"version-history":[{"count":5,"href":"https:\/\/brfdiariet6.se\/index.php?rest_route=\/wp\/v2\/pages\/438\/revisions"}],"predecessor-version":[{"id":446,"href":"https:\/\/brfdiariet6.se\/index.php?rest_route=\/wp\/v2\/pages\/438\/revisions\/446"}],"up":[{"embeddable":true,"href":"https:\/\/brfdiariet6.se\/index.php?rest_route=\/wp\/v2\/pages\/409"}],"wp:attachment":[{"href":"https:\/\/brfdiariet6.se\/index.php?rest_route=%2Fwp%2Fv2%2Fmedia&parent=438"}],"curies":[{"name":"wp","href":"https:\/\/api.w.org\/{rel}","templated":true}]}}